{"id":1028,"date":"2021-03-10T11:59:29","date_gmt":"2021-03-10T14:59:29","guid":{"rendered":"https:\/\/cml-bue.infd.edu.ar\/sitio\/?page_id=1028"},"modified":"2025-02-13T12:42:41","modified_gmt":"2025-02-13T15:42:41","slug":"consejo-academico-institucional","status":"publish","type":"page","link":"https:\/\/cml-bue.infd.edu.ar\/sitio\/consejo-academico-institucional\/","title":{"rendered":"Consejo Acad\u00e9mico Institucional"},"content":{"rendered":"\n<p><strong>Claustro Docente<\/strong><br>Prof. Dami\u00e1n Balarino<br>Prof. Mart\u00edn Beloso<br>Prof. Natalia Ghirardi<br>Prof. Juan Manuel Mart\u00ednez<br>Prof. Melina Rosell\u00f3<br>Prof. Natalia Sinde<\/p>\n\n\n\n<p><strong>Claustro Estudiantil<\/strong><br>Josefina Cardozo<br>Rodrigo Etchart<br>Nahuel L\u00f3pez Ponce<br>Joaquin P\u00e9rez<br>In\u00e9s Urbaneja<\/p>\n\n\n\n<p><strong>Claustro No Docente<\/strong><br>Lorena Del Valle<br>Silvina Gonz\u00e1lez<\/p>\n","protected":false},"excerpt":{"rendered":"<p>Claustro DocenteProf. Dami\u00e1n BalarinoProf. Mart\u00edn BelosoProf. Natalia GhirardiProf. Juan Manuel Mart\u00ednezProf. Melina Rosell\u00f3Prof. Natalia Sinde Claustro EstudiantilJosefina CardozoRodrigo EtchartNahuel L\u00f3pez PonceJoaquin P\u00e9rezIn\u00e9s Urbaneja Claustro No DocenteLorena Del ValleSilvina Gonz\u00e1lez<\/p>\n","protected":false},"author":14,"featured_media":0,"parent":0,"menu_order":0,"comment_status":"closed","ping_status":"closed","template":"","meta":[],"acf":[],"_links":{"self":[{"href":"https:\/\/cml-bue.infd.edu.ar\/sitio\/wp-json\/wp\/v2\/pages\/1028"}],"collection":[{"href":"https:\/\/cml-bue.infd.edu.ar\/sitio\/wp-json\/wp\/v2\/pages"}],"about":[{"href":"https:\/\/cml-bue.infd.edu.ar\/sitio\/wp-json\/wp\/v2\/types\/page"}],"author":[{"embeddable":true,"href":"https:\/\/cml-bue.infd.edu.ar\/sitio\/wp-json\/wp\/v2\/users\/14"}],"replies":[{"embeddable":true,"href":"https:\/\/cml-bue.infd.edu.ar\/sitio\/wp-json\/wp\/v2\/comments?post=1028"}],"version-history":[{"count":3,"href":"https:\/\/cml-bue.infd.edu.ar\/sitio\/wp-json\/wp\/v2\/pages\/1028\/revisions"}],"predecessor-version":[{"id":2374,"href":"https:\/\/cml-bue.infd.edu.ar\/sitio\/wp-json\/wp\/v2\/pages\/1028\/revisions\/2374"}],"wp:attachment":[{"href":"https:\/\/cml-bue.infd.edu.ar\/sitio\/wp-json\/wp\/v2\/media?parent=1028"}],"curies":[{"name":"wp","href":"https:\/\/api.w.org\/{rel}","templated":true}]}}