{"id":1069,"date":"2021-03-25T09:37:41","date_gmt":"2021-03-25T12:37:41","guid":{"rendered":"https:\/\/cml-bue.infd.edu.ar\/sitio\/?page_id=1069"},"modified":"2026-04-08T20:24:47","modified_gmt":"2026-04-08T23:24:47","slug":"solicitud-de-equivalencias","status":"publish","type":"page","link":"https:\/\/cml-bue.infd.edu.ar\/sitio\/solicitud-de-equivalencias\/","title":{"rendered":"SOLICITUD DE EQUIVALENCIAS"},"content":{"rendered":"<p><strong>&nbsp;SOLICITUD DE EQUIVALENCIAS<\/strong><\/p>\n<p>A&nbsp; trav\u00e9s de este r\u00e9gimen podr\u00e1s acreditar unidades curriculares.<\/p>\n<p>La equivalencia puede comprender la Unidad Curricular completa <strong>(equivalencia total)<\/strong> o una parte de ella <strong>(equivalencia parcial)<\/strong> en este caso se implementar\u00e1 un trayecto de actualizaci\u00f3n de saberes que ser\u00e1 solicitado por el profesor de la c\u00e1tedra que analice la solicitud.<\/p>\n<p>Esta solicitud podr\u00e1 ser sobre saberes acreditados en la misma Instituci\u00f3n (en planes anteriores al vigente o de otras carreras) o en otras Instituciones del mismo nivel reconocidas oficialmente.<\/p>\n<p><strong>El plazo m\u00e1ximo para realizar la petici\u00f3n de la equivalencia no podr\u00e1 exceder los seis \u00faltimos a\u00f1os de la acreditaci\u00f3n final de la materia solicitada.<\/strong><\/p>\n<p><strong>&#8212;&#8212;&#8212;&#8212;&#8212;&#8212;&#8212;&#8212;&#8212;&#8212;&#8212;&#8212;&#8212;&#8212;&#8212;&#8212;&#8212;&#8212;&#8212;&#8212;&#8212;&#8212;&#8212;&#8212;&#8212;&#8212;&#8212;&#8212;&#8212;&#8212;&#8212;&#8212;&#8212;&#8212;&#8212;&#8212;&#8212;&#8212;&#8212;&#8212;<\/strong><\/p>\n<p><strong>Para solicitar la acreditaci\u00f3n por equivalencia deber\u00e1s<\/strong>:<\/p>\n<p><strong>Completar la planilla de solicitud de equivalencia (una por asignatura)<em> Enlace de descarga-<\/em><a href=\"https:\/\/drive.google.com\/file\/d\/1J3zf8I_wv8iV_e0P3Hew1QDziAZAAFDx\/view?usp=drive_link\">FORMULARIO_DE_EQUIVALENCIA_2026<\/a><\/strong><\/p>\n<p>Esta solicitud deber\u00e1 estar acompa\u00f1ada de:<\/p>\n<ul>\n<li><strong>Certificado anal\u00edtico de estudios realizados<\/strong><\/li>\n<li><strong>El o los programas que correspondan<\/strong> en los que conste carga horaria, contenidos y bibliograf\u00eda de la o las unidades por las que solicitas la equivalencia. <strong>Esta documentaci\u00f3n deber\u00e1 estar debidamente certificada. <\/strong><\/li>\n<\/ul>\n<p><strong>Deber\u00e1s cursar la materia cuya aprobaci\u00f3n se solicita por equivalencia hasta tanto se te confirme fehacientemente que ha sido otorgada. <\/strong><\/p>\n<p><strong>&#8212;&#8212;&#8212;&#8212;&#8212;&#8212;&#8212;&#8212;&#8212;&#8212;&#8212;&#8212;&#8212;&#8212;&#8212;&#8212;&#8212;&#8212;&#8212;&#8212;&#8212;&#8212;&#8212;&#8212;&#8212;&#8212;&#8212;&#8212;&#8212;&#8212;&#8212;&#8212;&#8212;&#8212;&#8212;&#8212;&#8212;&#8212;&#8212;&#8212;<\/strong><\/p>\n<table>\n<tbody>\n<tr>\n<td width=\"604\"><strong>IMPORTANTE<\/strong>: La solicitud con toda la documentaci\u00f3n requerida deber\u00e1s presentarla en la Instituci\u00f3n<strong> CON FECHA L\u00cdMITE&nbsp; AL 31 DE ABRIL<\/strong><\/td>\n<\/tr>\n<\/tbody>\n<\/table>\n<p>Una vez presentada la solicitud, el profesor de la materia sobre la que se solicita equivalencia deber\u00e1:<\/p>\n<ul>\n<li>Analizar el programa del espacio curricular a acreditar por equivalencia.<\/li>\n<li>Emitir criterio debidamente fundamentado, respecto del otorgamiento de la acreditaci\u00f3n total o parcial, o bien el rechazo de la solicitud.<\/li>\n<li>Si la acreditaci\u00f3n es parcial, se consignar\u00e1n los contenidos necesarios que permitan elaborar e implementar un trayecto de actualizaci\u00f3n.<\/li>\n<li>Remitir a la jefatura de \u00e1rea toda la documentaci\u00f3n de lo actuado.<\/li>\n<\/ul>\n<p>El directivo refrendar\u00e1 lo actuado o solicitar\u00e1 una revisi\u00f3n o adecuaci\u00f3n. <strong>Este tr\u00e1mite deber\u00e1 estar concluido antes de la finalizaci\u00f3n del mes de Junio <\/strong>para que se te pueda comunicar la decisi\u00f3n.<\/p>\n<p>Si la equivalencia es total, la fecha y la nota de calificaci\u00f3n ser\u00e1n las que figuran en el certificado anal\u00edtico de la Instituci\u00f3n de origen.<\/p>\n<p>Si la equivalencia es parcial, &nbsp;la nota de calificaci\u00f3n&nbsp; ser\u00e1 la que resulte de la aprobaci\u00f3n del trayecto de actualizaci\u00f3n de saberes con fecha actualizada.<\/p>\n","protected":false},"excerpt":{"rendered":"<p>&nbsp;SOLICITUD DE EQUIVALENCIAS A&nbsp; trav\u00e9s de este r\u00e9gimen podr\u00e1s acreditar unidades curriculares. La equivalencia puede comprender la Unidad Curricular completa (equivalencia total) o una parte de ella (equivalencia parcial) en este caso se implementar\u00e1 un trayecto de actualizaci\u00f3n de saberes que ser\u00e1 solicitado por el profesor de la c\u00e1tedra que analice la solicitud. Esta solicitud &#8230; <a title=\"SOLICITUD DE EQUIVALENCIAS\" class=\"read-more\" href=\"https:\/\/cml-bue.infd.edu.ar\/sitio\/solicitud-de-equivalencias\/\" aria-label=\"More on SOLICITUD DE EQUIVALENCIAS\">[+]<\/a><\/p>\n","protected":false},"author":14,"featured_media":0,"parent":0,"menu_order":0,"comment_status":"closed","ping_status":"closed","template":"","meta":[],"acf":[],"_links":{"self":[{"href":"https:\/\/cml-bue.infd.edu.ar\/sitio\/wp-json\/wp\/v2\/pages\/1069"}],"collection":[{"href":"https:\/\/cml-bue.infd.edu.ar\/sitio\/wp-json\/wp\/v2\/pages"}],"about":[{"href":"https:\/\/cml-bue.infd.edu.ar\/sitio\/wp-json\/wp\/v2\/types\/page"}],"author":[{"embeddable":true,"href":"https:\/\/cml-bue.infd.edu.ar\/sitio\/wp-json\/wp\/v2\/users\/14"}],"replies":[{"embeddable":true,"href":"https:\/\/cml-bue.infd.edu.ar\/sitio\/wp-json\/wp\/v2\/comments?post=1069"}],"version-history":[{"count":6,"href":"https:\/\/cml-bue.infd.edu.ar\/sitio\/wp-json\/wp\/v2\/pages\/1069\/revisions"}],"predecessor-version":[{"id":3499,"href":"https:\/\/cml-bue.infd.edu.ar\/sitio\/wp-json\/wp\/v2\/pages\/1069\/revisions\/3499"}],"wp:attachment":[{"href":"https:\/\/cml-bue.infd.edu.ar\/sitio\/wp-json\/wp\/v2\/media?parent=1069"}],"curies":[{"name":"wp","href":"https:\/\/api.w.org\/{rel}","templated":true}]}}