{"id":1404,"date":"2024-03-01T08:58:50","date_gmt":"2024-03-01T11:58:50","guid":{"rendered":"https:\/\/cml-bue.infd.edu.ar\/sitio\/?page_id=1404"},"modified":"2026-03-06T18:14:56","modified_gmt":"2026-03-06T21:14:56","slug":"foba-adolescentes","status":"publish","type":"page","link":"https:\/\/cml-bue.infd.edu.ar\/sitio\/foba-adolescentes\/","title":{"rendered":"FOBA CANTO POPULAR"},"content":{"rendered":"\n<p>(14 a\u00f1os en adelante) para ingresar a la TECNICATURA DE CANTO<\/p>\n\n\n\n<p class=\"has-text-align-center\">*** NIVEL I ***<\/p>\n\n\n\n<figure class=\"wp-block-table\"><table><tbody><tr><td class=\"has-text-align-center\" data-align=\"center\">INSTRUMENTO CANTO I<br>[Tango &#8211; Jazz &#8211; Folclore]<br>(3 Modulos) <\/td><td class=\"has-text-align-center\" data-align=\"center\">LENGUAJE MUSICAL I<br><br>(4 m\u00f3dulos)<br><\/td><td class=\"has-text-align-center\" data-align=\"center\">FONIATR\u00cdA<br><br>(2 m\u00f3dulos)<\/td><td class=\"has-text-align-center\" data-align=\"center\">DICCI\u00d3N PORTUGUESA<br><br>(2 m\u00f3dulos)<\/td><td class=\"has-text-align-center\" data-align=\"center\">REPERTORIO 1<br><br>(1 m\u00f3dulo)<\/td><td>TALLER DE TRABAJO CORPORAL<br><br>(2 m\u00f3dulos)<\/td><td>APRECIACI\u00d3N MUSICAL 1<br><br>(2 m\u00f3dulos)<\/td><\/tr><\/tbody><\/table><\/figure>\n\n\n\n<iframe loading=\"lazy\" src=\"https:\/\/drive.google.com\/file\/d\/1PZvL0QVmyYRrFrHqMtPFu2QSjDtB7iGo\/preview\" width=\"900\" height=\"500\" allow=\"autoplay\"><\/iframe>\n\n\n\n<p>*<\/p>\n\n\n\n<p class=\"has-text-align-center\">*** NIVEL II ***<\/p>\n\n\n\n<figure class=\"wp-block-table\"><table><tbody><tr><td class=\"has-text-align-center\" data-align=\"center\">INSTRUMENTO CANTO II<br>(Tango &#8211; Jazz &#8211; Folclore)<br>(3 m\u00f3dulos)<\/td><td class=\"has-text-align-center\" data-align=\"center\">LENGUAJE MUSICAL II<br><br>(4 m\u00f3dulos)<\/td><td class=\"has-text-align-center\" data-align=\"center\">INSTRUMENTO ARM\u00d3NICO<br><br>(1 m\u00f3dulo)<\/td><td class=\"has-text-align-center\" data-align=\"center\">REPERTORIO II<br><br>(1 m\u00f3dulo)<\/td><td class=\"has-text-align-center\" data-align=\"center\">DICCI\u00d3N INGLESA<br><br>(2m\u00f3dulos)<\/td><td class=\"has-text-align-center\" data-align=\"center\">PR\u00c1CTICA DE CONJUNTO<br><br>(2 m\u00f3dulos)<\/td><td class=\"has-text-align-center\" data-align=\"center\">PR\u00c1CTICA CORAL<br><br>(2 m\u00f3dulos)<\/td><\/tr><\/tbody><\/table><\/figure>\n\n\n\n<p>*<\/p>\n\n\n\n<iframe loading=\"lazy\" src=\"https:\/\/drive.google.com\/file\/d\/1X1d0yDn5VSowL0WB-0x6w8QTzWWbVqNU\/preview\" width=\"900\" height=\"500\" allow=\"autoplay\"><\/iframe>\n","protected":false},"excerpt":{"rendered":"<p>(14 a\u00f1os en adelante) para ingresar a la TECNICATURA DE CANTO *** NIVEL I *** INSTRUMENTO CANTO I[Tango &#8211; Jazz &#8211; Folclore](3 Modulos) LENGUAJE MUSICAL I (4 m\u00f3dulos) FONIATR\u00cdA (2 m\u00f3dulos) DICCI\u00d3N PORTUGUESA (2 m\u00f3dulos) REPERTORIO 1 (1 m\u00f3dulo) TALLER DE TRABAJO CORPORAL (2 m\u00f3dulos) APRECIACI\u00d3N MUSICAL 1 (2 m\u00f3dulos) * *** NIVEL II *** &#8230; <a title=\"FOBA CANTO POPULAR\" class=\"read-more\" href=\"https:\/\/cml-bue.infd.edu.ar\/sitio\/foba-adolescentes\/\" aria-label=\"More on FOBA CANTO POPULAR\">[+]<\/a><\/p>\n","protected":false},"author":321,"featured_media":0,"parent":0,"menu_order":0,"comment_status":"closed","ping_status":"closed","template":"","meta":[],"acf":[],"_links":{"self":[{"href":"https:\/\/cml-bue.infd.edu.ar\/sitio\/wp-json\/wp\/v2\/pages\/1404"}],"collection":[{"href":"https:\/\/cml-bue.infd.edu.ar\/sitio\/wp-json\/wp\/v2\/pages"}],"about":[{"href":"https:\/\/cml-bue.infd.edu.ar\/sitio\/wp-json\/wp\/v2\/types\/page"}],"author":[{"embeddable":true,"href":"https:\/\/cml-bue.infd.edu.ar\/sitio\/wp-json\/wp\/v2\/users\/321"}],"replies":[{"embeddable":true,"href":"https:\/\/cml-bue.infd.edu.ar\/sitio\/wp-json\/wp\/v2\/comments?post=1404"}],"version-history":[{"count":19,"href":"https:\/\/cml-bue.infd.edu.ar\/sitio\/wp-json\/wp\/v2\/pages\/1404\/revisions"}],"predecessor-version":[{"id":3387,"href":"https:\/\/cml-bue.infd.edu.ar\/sitio\/wp-json\/wp\/v2\/pages\/1404\/revisions\/3387"}],"wp:attachment":[{"href":"https:\/\/cml-bue.infd.edu.ar\/sitio\/wp-json\/wp\/v2\/media?parent=1404"}],"curies":[{"name":"wp","href":"https:\/\/api.w.org\/{rel}","templated":true}]}}