{"id":1408,"date":"2024-03-01T09:02:21","date_gmt":"2024-03-01T12:02:21","guid":{"rendered":"https:\/\/cml-bue.infd.edu.ar\/sitio\/?page_id=1408"},"modified":"2026-03-06T23:15:52","modified_gmt":"2026-03-07T02:15:52","slug":"foba-jovenes-y-adultos","status":"publish","type":"page","link":"https:\/\/cml-bue.infd.edu.ar\/sitio\/foba-jovenes-y-adultos\/","title":{"rendered":"FOBA JOVENES Y ADULTOS"},"content":{"rendered":"\n<p>CICLO DE INGRESO PARA ADULTOS <\/p>\n\n\n\n<p>(17 a\u00f1os en adelante) para ingresar al PROFESORADO EN M\u00daSICA (ORIENTACI\u00d3N EDUCACI\u00d3N MUSICAL) PEM<\/p>\n\n\n\n<figure class=\"wp-block-table\"><table><tbody><tr><td class=\"has-text-align-center\" data-align=\"center\">LENGUAJE MUSICAL I<br>4 m\u00f3dulos<\/td><td class=\"has-text-align-center\" data-align=\"center\">INSTRUMENTO ARM\u00d3NICO<br>1 m\u00f3dulo<\/td><td class=\"has-text-align-center\" data-align=\"center\">APRECIACI\u00d3N MUSICAL<br>2 m\u00f3dulos<\/td><td class=\"has-text-align-center\" data-align=\"center\">PR\u00c1C. DE CONJUNTO VOCAL E INSTRUMENTAL<br>2 m\u00f3dulos<\/td><td class=\"has-text-align-center\" data-align=\"center\">PR\u00c1CTICA CORAL<br>2 m\u00f3dulos<\/td><\/tr><\/tbody><\/table><\/figure>\n\n\n\n<iframe loading=\"lazy\" src=\"https:\/\/drive.google.com\/file\/d\/1TDObSRqWC60U0XogvzKjkrPnlJ9UDJdM\/preview\" width=\"900\" height=\"500\" allow=\"autoplay\"><\/iframe>\n","protected":false},"excerpt":{"rendered":"<p>CICLO DE INGRESO PARA ADULTOS (17 a\u00f1os en adelante) para ingresar al PROFESORADO EN M\u00daSICA (ORIENTACI\u00d3N EDUCACI\u00d3N MUSICAL) PEM LENGUAJE MUSICAL I4 m\u00f3dulos INSTRUMENTO ARM\u00d3NICO1 m\u00f3dulo APRECIACI\u00d3N MUSICAL2 m\u00f3dulos PR\u00c1C. DE CONJUNTO VOCAL E INSTRUMENTAL2 m\u00f3dulos PR\u00c1CTICA CORAL2 m\u00f3dulos<\/p>\n","protected":false},"author":322,"featured_media":0,"parent":0,"menu_order":0,"comment_status":"closed","ping_status":"closed","template":"","meta":[],"acf":[],"_links":{"self":[{"href":"https:\/\/cml-bue.infd.edu.ar\/sitio\/wp-json\/wp\/v2\/pages\/1408"}],"collection":[{"href":"https:\/\/cml-bue.infd.edu.ar\/sitio\/wp-json\/wp\/v2\/pages"}],"about":[{"href":"https:\/\/cml-bue.infd.edu.ar\/sitio\/wp-json\/wp\/v2\/types\/page"}],"author":[{"embeddable":true,"href":"https:\/\/cml-bue.infd.edu.ar\/sitio\/wp-json\/wp\/v2\/users\/322"}],"replies":[{"embeddable":true,"href":"https:\/\/cml-bue.infd.edu.ar\/sitio\/wp-json\/wp\/v2\/comments?post=1408"}],"version-history":[{"count":27,"href":"https:\/\/cml-bue.infd.edu.ar\/sitio\/wp-json\/wp\/v2\/pages\/1408\/revisions"}],"predecessor-version":[{"id":3395,"href":"https:\/\/cml-bue.infd.edu.ar\/sitio\/wp-json\/wp\/v2\/pages\/1408\/revisions\/3395"}],"wp:attachment":[{"href":"https:\/\/cml-bue.infd.edu.ar\/sitio\/wp-json\/wp\/v2\/media?parent=1408"}],"curies":[{"name":"wp","href":"https:\/\/api.w.org\/{rel}","templated":true}]}}