{"id":1703,"date":"2024-03-26T20:31:26","date_gmt":"2024-03-26T23:31:26","guid":{"rendered":"https:\/\/cml-bue.infd.edu.ar\/sitio\/?page_id=1703"},"modified":"2026-02-19T12:58:17","modified_gmt":"2026-02-19T15:58:17","slug":"pip","status":"publish","type":"page","link":"https:\/\/cml-bue.infd.edu.ar\/sitio\/pip\/","title":{"rendered":"CARRERAS NIVEL SUPERIOR"},"content":{"rendered":"\n<p><\/p>\n\n\n\n<p class=\"has-text-align-center\">Profesorado Orientado en Educaci\u00f3n Musical <\/p>\n\n\n\n<p class=\"has-text-align-center\"><a rel=\"noreferrer noopener\" href=\"https:\/\/drive.google.com\/file\/d\/12veK_7R4G_nPPnxl7MP1_Zzv4e1zLbrf\/view?usp=sharing\" target=\"_blank\">PEM 1<\/a>\u00a0\u2013\u00a0<a rel=\"noreferrer noopener\" href=\"https:\/\/drive.google.com\/file\/d\/1V115KpRmbmZyimX5N9DuxDIdTm7RJrrJ\/view?usp=sharing\" target=\"_blank\">PEM 2<\/a>\u00a0\u2013<a rel=\"noreferrer noopener\" href=\"https:\/\/drive.google.com\/file\/d\/1iySkh1fCjK-Js6WIYj28Ef9IcwoGOPdC\/view?usp=sharing\" target=\"_blank\">PEM 3<\/a>\u00a0\u2013\u00a0<a rel=\"noreferrer noopener\" href=\"https:\/\/drive.google.com\/file\/d\/1Keg0zyOLTXCF9jsdDjQrdDfS9ajxOEGs\/view?usp=sharing\" target=\"_blank\">PEM 4<\/a><\/p>\n\n\n\n<p class=\"has-text-align-center\">****<\/p>\n\n\n\n<p class=\"has-text-align-center\">Profesorado Orientado a Instrumento<\/p>\n\n\n\n<p class=\"has-text-align-center\"><a rel=\"noreferrer noopener\" href=\"https:\/\/drive.google.com\/file\/d\/1RDxtHUsv4utHBRKVF5glrcd0lIC3cH3S\/view?usp=sharing\" target=\"_blank\">POI 1<\/a>&nbsp;\u2013&nbsp;<a rel=\"noreferrer noopener\" href=\"https:\/\/drive.google.com\/file\/d\/1L74SeFHAayqMoljRDrANmBbYj9Q8E58t\/view?usp=sharing\" target=\"_blank\">POI 2<\/a>&nbsp;\u2013&nbsp;<a rel=\"noreferrer noopener\" href=\"https:\/\/drive.google.com\/file\/d\/13pBJgLBjU1oyaF5ILWJpQQK0OnBDXZuR\/view?usp=sharing\" target=\"_blank\">POI 3<\/a>&nbsp;\u2013&nbsp;<a rel=\"noreferrer noopener\" href=\"https:\/\/drive.google.com\/file\/d\/1OY-kUhLc6MdmG653rW7YfL5HcKFjSnsN\/view?usp=sharing\" target=\"_blank\">POI 4<\/a><\/p>\n\n\n\n<p class=\"has-text-align-center\">****<\/p>\n\n\n\n<p class=\"has-text-align-center\">Tecnicatura en Capacitaci\u00f3n Vocal M\u00fasical Popular Orientaci\u00f3n Folclore<\/p>\n\n\n\n<p class=\"has-text-align-center\"><a rel=\"noreferrer noopener\" href=\"https:\/\/drive.google.com\/file\/d\/1oWG0qZ7h8yhFRXPwO-PjVpOMpsFpZZwy\/view?usp=sharing\" target=\"_blank\">TEC. CANTO 1<\/a>&nbsp;\u2013&nbsp;<a rel=\"noreferrer noopener\" href=\"https:\/\/drive.google.com\/file\/d\/1enJChpyVLaPuamK75kXrBN2Ls7dDhP3O\/view?usp=sharing\" target=\"_blank\">TEC. CANTO 2<\/a>&nbsp;\u2013&nbsp;<a rel=\"noreferrer noopener\" href=\"https:\/\/drive.google.com\/file\/d\/1M7eyY6Iv1K-edN9iVsCZczVt4AD1S3vj\/view?usp=sharing\" target=\"_blank\">TEC. CANTO 3<\/a>&nbsp;\u2013&nbsp;<a rel=\"noreferrer noopener\" href=\"https:\/\/drive.google.com\/file\/d\/1KK_lf2Bpc6Af5DIhxfaKORNIhTWm-0QX\/view?usp=sharing\" target=\"_blank\">TEC. CANTO 4<\/a><\/p>\n","protected":false},"excerpt":{"rendered":"<p>Profesorado Orientado en Educaci\u00f3n Musical PEM 1\u00a0\u2013\u00a0PEM 2\u00a0\u2013PEM 3\u00a0\u2013\u00a0PEM 4 **** Profesorado Orientado a Instrumento POI 1&nbsp;\u2013&nbsp;POI 2&nbsp;\u2013&nbsp;POI 3&nbsp;\u2013&nbsp;POI 4 **** Tecnicatura en Capacitaci\u00f3n Vocal M\u00fasical Popular Orientaci\u00f3n Folclore TEC. CANTO 1&nbsp;\u2013&nbsp;TEC. CANTO 2&nbsp;\u2013&nbsp;TEC. CANTO 3&nbsp;\u2013&nbsp;TEC. CANTO 4<\/p>\n","protected":false},"author":321,"featured_media":0,"parent":0,"menu_order":0,"comment_status":"closed","ping_status":"closed","template":"","meta":[],"acf":[],"_links":{"self":[{"href":"https:\/\/cml-bue.infd.edu.ar\/sitio\/wp-json\/wp\/v2\/pages\/1703"}],"collection":[{"href":"https:\/\/cml-bue.infd.edu.ar\/sitio\/wp-json\/wp\/v2\/pages"}],"about":[{"href":"https:\/\/cml-bue.infd.edu.ar\/sitio\/wp-json\/wp\/v2\/types\/page"}],"author":[{"embeddable":true,"href":"https:\/\/cml-bue.infd.edu.ar\/sitio\/wp-json\/wp\/v2\/users\/321"}],"replies":[{"embeddable":true,"href":"https:\/\/cml-bue.infd.edu.ar\/sitio\/wp-json\/wp\/v2\/comments?post=1703"}],"version-history":[{"count":328,"href":"https:\/\/cml-bue.infd.edu.ar\/sitio\/wp-json\/wp\/v2\/pages\/1703\/revisions"}],"predecessor-version":[{"id":3281,"href":"https:\/\/cml-bue.infd.edu.ar\/sitio\/wp-json\/wp\/v2\/pages\/1703\/revisions\/3281"}],"wp:attachment":[{"href":"https:\/\/cml-bue.infd.edu.ar\/sitio\/wp-json\/wp\/v2\/media?parent=1703"}],"curies":[{"name":"wp","href":"https:\/\/api.w.org\/{rel}","templated":true}]}}