{"id":2953,"date":"2026-03-05T11:49:29","date_gmt":"2026-03-05T14:49:29","guid":{"rendered":"https:\/\/cml-bue.infd.edu.ar\/sitio\/?page_id=2953"},"modified":"2026-03-06T10:55:28","modified_gmt":"2026-03-06T13:55:28","slug":"cooperadora-2026","status":"publish","type":"page","link":"https:\/\/cml-bue.infd.edu.ar\/sitio\/cooperadora-2026\/","title":{"rendered":"COOPERADORA 2026"},"content":{"rendered":"\n<p class=\"has-large-font-size\"><strong>Montos :<\/strong><\/p>\n\n\n\n<figure class=\"wp-block-table\"><table><tbody><tr><td>Cuota mensual<\/td><td>$ 10.000<\/td><\/tr><tr><td>1\/2 A\u00f1o<\/td><td>$ 45.000<\/td><\/tr><tr><td>Todo el A\u00f1o<\/td><td>$ 85.000<\/td><\/tr><tr><td>Libreta Estudiante<\/td><td>$ 20.000<\/td><\/tr><\/tbody><\/table><\/figure>\n\n\n\n<hr class=\"wp-block-separator has-alpha-channel-opacity\"\/>\n\n\n\n<p><strong>Compras realizadas por cooperadora durante el ciclo 2025:<\/strong><\/p>\n\n\n\n<p>* Placa de sonido-interfaz Behringer.<br>* llave afinaci\u00f3n para piano.<br>* clavijeros para guitarras.<br>* toallas para ba\u00f1os.<br>* luces de emergencia para toda la instituci\u00f3n.(20 luces).<br>* Afinaci\u00f3n de 4 Pianos ( Realizada por Musik house)<br>* Mediante subsidio del municipio se renov\u00f3 la iluminaci\u00f3n del auditorio.<br>* monitor para PC de aula 6 (Estudio de grabaci\u00f3n) de 27\u201d.<br>* soporte para platillo percusi\u00f3n.<br>* viol\u00edn \u00bd<br>* viol\u00edn \u00be.<br>* bordonas para redoblantes ( 3 bordonas).<br>* arreglo teclado CASIO<br>* Arreglo teclado KORG.<br>* Donaci\u00f3n estuche rigido para teclado KORG.<br>* Donaci\u00f3n de teclado KORG SP170.<br>* Donaci\u00f3n familia Maidana: 1 bater\u00eda completa (aula 9), 2 viol\u00ednes.<br>* Donaci\u00f3n de libros varios para biblioteca del Sr. Ruben Dar\u00edo Marino Navarro.<br>* Donaci\u00f3n soporte guitarras.<br>* Troqueles para cobro de cooperadora.<\/p>\n\n\n\n<p><\/p>\n\n\n\n<p><\/p>\n\n\n\n<hr class=\"wp-block-separator has-alpha-channel-opacity\"\/>\n\n\n\n<p>INTEGRANTES DE LA COMISI\u00d3N:<\/p>\n\n\n\n<p><\/p>\n\n\n\n<figure class=\"wp-block-table\"><table><tbody><tr><td class=\"has-text-align-right\" data-align=\"right\">PRESIDENTE: <\/td><td>MAGALDI, NANCY<\/td><\/tr><tr><td class=\"has-text-align-right\" data-align=\"right\">VICEPRESIDENTE:<\/td><td>KHALLOUB, MARIA LAURA<\/td><\/tr><tr><td class=\"has-text-align-right\" data-align=\"right\">TESORERA:<\/td><td>ELOSEGUI, GABRIELA<\/td><\/tr><tr><td class=\"has-text-align-right\" data-align=\"right\">PROTESORERA:<\/td><td>BONELLI, GRACIELA<\/td><\/tr><tr><td class=\"has-text-align-right\" data-align=\"right\">SECRETARIO:<\/td><td>BESTOSO, ROQUE<\/td><\/tr><tr><td class=\"has-text-align-right\" data-align=\"right\">PROSECRETARIO:<\/td><td>BERON, EZEQUIEL<\/td><\/tr><tr><td class=\"has-text-align-right\" data-align=\"right\">VOCAL TITULAR:<\/td><td>PEREZ, JOAQUIN<\/td><\/tr><tr><td class=\"has-text-align-right\" data-align=\"right\">VOCAL TITULAR:<\/td><td>ETCHART, RODRIGO<\/td><\/tr><tr><td class=\"has-text-align-right\" data-align=\"right\">VOCAL TITULAR DOCENTE:<\/td><td>BELOSO, MARTIN<\/td><\/tr><tr><td class=\"has-text-align-right\" data-align=\"right\">VOCAL SUPLENTE:<\/td><td>GIORDANO, LORENA<\/td><\/tr><tr><td class=\"has-text-align-right\" data-align=\"right\">VOCAL SUPLENTE:<\/td><td>ALDABE, MAXIMILIANO<\/td><\/tr><\/tbody><\/table><figcaption class=\"wp-element-caption\"><br><br><\/figcaption><\/figure>\n\n\n\n<p><\/p>\n\n\n\n<p><\/p>\n","protected":false},"excerpt":{"rendered":"<p>Montos : Cuota mensual $ 10.000 1\/2 A\u00f1o $ 45.000 Todo el A\u00f1o $ 85.000 Libreta Estudiante $ 20.000 Compras realizadas por cooperadora durante el ciclo 2025: * Placa de sonido-interfaz Behringer.* llave afinaci\u00f3n para piano.* clavijeros para guitarras.* toallas para ba\u00f1os.* luces de emergencia para toda la instituci\u00f3n.(20 luces).* Afinaci\u00f3n de 4 Pianos ( &#8230; <a title=\"COOPERADORA 2026\" class=\"read-more\" href=\"https:\/\/cml-bue.infd.edu.ar\/sitio\/cooperadora-2026\/\" aria-label=\"More on COOPERADORA 2026\">[+]<\/a><\/p>\n","protected":false},"author":322,"featured_media":0,"parent":0,"menu_order":0,"comment_status":"closed","ping_status":"closed","template":"","meta":[],"acf":[],"_links":{"self":[{"href":"https:\/\/cml-bue.infd.edu.ar\/sitio\/wp-json\/wp\/v2\/pages\/2953"}],"collection":[{"href":"https:\/\/cml-bue.infd.edu.ar\/sitio\/wp-json\/wp\/v2\/pages"}],"about":[{"href":"https:\/\/cml-bue.infd.edu.ar\/sitio\/wp-json\/wp\/v2\/types\/page"}],"author":[{"embeddable":true,"href":"https:\/\/cml-bue.infd.edu.ar\/sitio\/wp-json\/wp\/v2\/users\/322"}],"replies":[{"embeddable":true,"href":"https:\/\/cml-bue.infd.edu.ar\/sitio\/wp-json\/wp\/v2\/comments?post=2953"}],"version-history":[{"count":8,"href":"https:\/\/cml-bue.infd.edu.ar\/sitio\/wp-json\/wp\/v2\/pages\/2953\/revisions"}],"predecessor-version":[{"id":3381,"href":"https:\/\/cml-bue.infd.edu.ar\/sitio\/wp-json\/wp\/v2\/pages\/2953\/revisions\/3381"}],"wp:attachment":[{"href":"https:\/\/cml-bue.infd.edu.ar\/sitio\/wp-json\/wp\/v2\/media?parent=2953"}],"curies":[{"name":"wp","href":"https:\/\/api.w.org\/{rel}","templated":true}]}}