{"id":3449,"date":"2026-04-08T20:41:46","date_gmt":"2026-04-08T23:41:46","guid":{"rendered":"https:\/\/cml-bue.infd.edu.ar\/sitio\/?page_id=3449"},"modified":"2026-04-16T18:59:19","modified_gmt":"2026-04-16T21:59:19","slug":"plan-estudio-foba","status":"publish","type":"page","link":"https:\/\/cml-bue.infd.edu.ar\/sitio\/plan-estudio-foba\/","title":{"rendered":"Plan estudio FOBA"},"content":{"rendered":"\n<p><\/p>\n\n\n\n<script type=\"module\">\n  import mermaid from 'https:\/\/cdn.jsdelivr.net\/npm\/mermaid@10\/dist\/mermaid.esm.min.mjs';\n  mermaid.initialize({ startOnLoad: true });\n<\/script>\n\n<pre class=\"mermaid\" align=center>\n\nflowchart TB\n    Requirements[\"<b>REQUISITOS DE INGRESO<\/b><br>&#x2714; Edad M\u00ednima: 14 A\u00f1os<br>\"] --> Duration[\"<b>DURACI\u00d3N<\/b><br>SEGUN CARRERA O TECNICATURA\"]\n    Duration --> Formation[\"<b>FORMACI\u00d3N B\u00c1SICA PARA<br>J\u00d3VENES Y ADULTOS<\/b>\"]\n    Formation --> Teachers[\"<b>PROFESORADOS<\/b>\"] & Technicians[\"<b>TECNICATURAS<\/b>\"]\n\n    style Requirements fill:#34495e,stroke:#2c3e50,stroke-width:2px,color:#ecf0f1\n    style Duration fill:#34495e,stroke:#2c3e50,stroke-width:2px,color:#ecf0f1\n    style Formation fill:#e67e22,stroke:#d35400,stroke-width:2px,color:#fff\n    style Teachers fill:#8e44ad,stroke:#6c3483,stroke-width:2px,color:#fff\n    style Technicians fill:#8e44ad,stroke:#6c3483,stroke-width:2px,color:#fff\n\n<\/pre>\n\n\n\n<hr class=\"wp-block-separator has-alpha-channel-opacity\"\/>\n\n\n\n<script type=\"module\">\n  import mermaid from 'https:\/\/cdn.jsdelivr.net\/npm\/mermaid@10\/dist\/mermaid.esm.min.mjs';\n  mermaid.initialize({ startOnLoad: true });\n<\/script>\n\n<pre class=\"mermaid\" align=center>\n\n---\nconfig:\n  look: classic\n  layout: dagre\n---\nflowchart TB\n    A[\"<b>FOBA 1 [PEM]<\/b>\"] -- \"-Lenguaje musical 1<br>- Pr\u00e1ctica coral<br>- P. conj vocal e inst 1<br>- Apreciaci\u00f3n musical 1<br>- inst. arm\u00f3nico [PEM]\" --> B{\"Profesorado<br>Educaci\u00f3n<br>musical\"}\n    C[\"<b>FOBA 1 [CANTO]<\/b>\"] -- \"-Canto Folclore 1<br>- Canto tango 1<br>- Canto jazz 1<br>- Lenguaje musical 1<br>- Pr\u00e1ctica coral<br>- Dicci\u00f3n portugesa<br>\" --> D[\"<b>FOBA 2 CANTO<\/b>\"]\n    D -- \"-Canto Folclore 2<br>- Canto tango 2<br>- Canto jazz 2<br>- Lenguaje musical 2<br>- P. conj. voc e instr 1<br>- Dicci\u00f3n inglesa<br>- inst arm\u00f3nico [TCANT]\" --> E{\"Tecnicatura<br>canto\"}\n    F[\"<b>FOBA 1 [POI]<\/b>\"] -- \"-Lenguaje musical 1<br>- Instrumento 1\" --> G[\"<b>FOBA 2 [POI]<\/b>\"]\n    G -- \"-Lenguaje musical 2<br>- Instrumento 2<br>- P. de conj. voc. e instr 1<br>- Apreciaci\u00f3n musical 1<br>Practica coral\" --> H[\"<b>FOBA 3 [POI]<\/b>\"]\n    H -- \"-Lenguaje musical 3<br>- Instrumento 3<br>- P. de conj. voc. e instr 2<br>- Apreciaci\u00f3n musical 2<br>- Instr. arm\u00f3nico [POI]\" --> I{\"Profesorado<br>Orientaci\u00f3n<br>Instrumento\"}\n\n     A:::Rose\n     B:::Rose\n     C:::Sky\n     D:::Sky\n     E:::Sky\n     F:::Aqua\n     G:::Aqua\n     H:::Aqua\n     I:::Aqua\n    classDef Aqua stroke-width:1px, stroke-dasharray:none, stroke:#46EDC8, fill:#DEFFF8, color:#378E7A\n    classDef Sky stroke-width:1px, stroke-dasharray:none, stroke:#374D7C, fill:#E2EBFF, color:#374D7C\n    classDef Rose stroke-width:1px, stroke-dasharray:none, stroke:#FF5978, fill:#FFDFE5, color:#8E2236\n    click A \"http:\/\/www.google.com\/\"\n    linkStyle 0 stroke:#000000,fill:none\n<\/pre>\n","protected":false},"excerpt":{"rendered":"<p>flowchart TB Requirements[\u00abREQUISITOS DE INGRESO&#x2714; Edad M\u00ednima: 14 A\u00f1os\u00bb] &#8211;> Duration[\u00abDURACI\u00d3NSEGUN CARRERA O TECNICATURA\u00bb] Duration &#8211;> Formation[\u00abFORMACI\u00d3N B\u00c1SICA PARAJ\u00d3VENES Y ADULTOS\u00bb] Formation &#8211;> Teachers[\u00abPROFESORADOS\u00bb] &#038; Technicians[\u00abTECNICATURAS\u00bb] style Requirements fill:#34495e,stroke:#2c3e50,stroke-width:2px,color:#ecf0f1 style Duration fill:#34495e,stroke:#2c3e50,stroke-width:2px,color:#ecf0f1 style Formation fill:#e67e22,stroke:#d35400,stroke-width:2px,color:#fff style Teachers fill:#8e44ad,stroke:#6c3483,stroke-width:2px,color:#fff style Technicians fill:#8e44ad,stroke:#6c3483,stroke-width:2px,color:#fff &#8212; config: look: classic layout: dagre &#8212; flowchart TB A[\u00abFOBA 1 [PEM]\u00bb] &#8212; \u00ab-Lenguaje &#8230; <a title=\"Plan estudio FOBA\" class=\"read-more\" href=\"https:\/\/cml-bue.infd.edu.ar\/sitio\/plan-estudio-foba\/\" aria-label=\"More on Plan estudio FOBA\">[+]<\/a><\/p>\n","protected":false},"author":322,"featured_media":0,"parent":0,"menu_order":0,"comment_status":"closed","ping_status":"closed","template":"","meta":[],"acf":[],"_links":{"self":[{"href":"https:\/\/cml-bue.infd.edu.ar\/sitio\/wp-json\/wp\/v2\/pages\/3449"}],"collection":[{"href":"https:\/\/cml-bue.infd.edu.ar\/sitio\/wp-json\/wp\/v2\/pages"}],"about":[{"href":"https:\/\/cml-bue.infd.edu.ar\/sitio\/wp-json\/wp\/v2\/types\/page"}],"author":[{"embeddable":true,"href":"https:\/\/cml-bue.infd.edu.ar\/sitio\/wp-json\/wp\/v2\/users\/322"}],"replies":[{"embeddable":true,"href":"https:\/\/cml-bue.infd.edu.ar\/sitio\/wp-json\/wp\/v2\/comments?post=3449"}],"version-history":[{"count":6,"href":"https:\/\/cml-bue.infd.edu.ar\/sitio\/wp-json\/wp\/v2\/pages\/3449\/revisions"}],"predecessor-version":[{"id":3557,"href":"https:\/\/cml-bue.infd.edu.ar\/sitio\/wp-json\/wp\/v2\/pages\/3449\/revisions\/3557"}],"wp:attachment":[{"href":"https:\/\/cml-bue.infd.edu.ar\/sitio\/wp-json\/wp\/v2\/media?parent=3449"}],"curies":[{"name":"wp","href":"https:\/\/api.w.org\/{rel}","templated":true}]}}