{"id":750,"date":"2019-12-06T09:30:46","date_gmt":"2019-12-06T12:30:46","guid":{"rendered":"https:\/\/cml-bue.infd.edu.ar\/sitio\/?page_id=750"},"modified":"2026-04-02T17:38:01","modified_gmt":"2026-04-02T20:38:01","slug":"oferta-educativa-2020","status":"publish","type":"page","link":"https:\/\/cml-bue.infd.edu.ar\/sitio\/oferta-educativa-2020\/","title":{"rendered":"HORARIOS  2026"},"content":{"rendered":"\n<p><\/p>\n\n\n\n<p class=\"has-text-align-center\"><a rel=\"noreferrer noopener\" href=\"https:\/\/drive.google.com\/file\/d\/1fJ2blCObNI8ru_3dysIWCcKNUOXCxFLi\/view?usp=sharing\" target=\"_blank\">INICIACIONES<\/a> 1 y 2<\/p>\n\n\n\n<p class=\"has-text-align-center\"><a rel=\"noreferrer noopener\" href=\"https:\/\/drive.google.com\/file\/d\/1WIBiDVxF3vBlNuvsDggvEET7xyP4bIkh\/view?usp=sharing\" target=\"_blank\">INICIACION 3<\/a> <\/p>\n\n\n\n<p class=\"has-text-align-center\">****<\/p>\n\n\n\n<p class=\"has-text-align-center\"> <a href=\"https:\/\/drive.google.com\/file\/d\/13oydFWWjC8ZbrF4ifL7gLECpiEhihG_C\/view?usp=sharing\" target=\"_blank\" rel=\"noreferrer noopener\">CICLO MEDIO 1<\/a>   | <a rel=\"noreferrer noopener\" href=\"https:\/\/drive.google.com\/file\/d\/1flZYvoUBzOeu3cXez7DaVW8K9XRehYOx\/view?usp=sharing\" target=\"_blank\">CICLO MEDIO 2<\/a>   |  <a rel=\"noreferrer noopener\" href=\"https:\/\/drive.google.com\/file\/d\/1a-osDBjYUfr2WPPvUVuqgencrq2fK4WW\/view?usp=sharing\" target=\"_blank\">CICLO MEDIO 3<\/a> <\/p>\n\n\n\n<p class=\"has-text-align-center\">****<\/p>\n\n\n\n<p class=\"has-text-align-center\"><a rel=\"noreferrer noopener\" href=\"https:\/\/drive.google.com\/file\/d\/1TDObSRqWC60U0XogvzKjkrPnlJ9UDJdM\/view?usp=sharing\" target=\"_blank\">FOBA 1 [PEM]<\/a> <\/p>\n\n\n\n<p class=\"has-text-align-center\">****<\/p>\n\n\n\n<p class=\"has-text-align-center\"><a rel=\"noreferrer noopener\" href=\"https:\/\/drive.google.com\/file\/d\/1PZvL0QVmyYRrFrHqMtPFu2QSjDtB7iGo\/view?usp=sharing\" target=\"_blank\">FOBA 1 [CANTO]<\/a>  &#8211;  <a rel=\"noreferrer noopener\" href=\"https:\/\/drive.google.com\/file\/d\/1X1d0yDn5VSowL0WB-0x6w8QTzWWbVqNU\/view?usp=sharing\" target=\"_blank\">FOBA 2 [CANTO]<\/a><\/p>\n\n\n\n<p class=\"has-text-align-center\">****<\/p>\n\n\n\n<p class=\"has-text-align-center\"> <a rel=\"noreferrer noopener\" href=\"https:\/\/drive.google.com\/file\/d\/1-3Lv46QP88vrHW2XbZNnL4k6cTtMECFN\/view?usp=sharing\" target=\"_blank\">FOBA 1 [POI]<\/a>   &#8211;  <a rel=\"noreferrer noopener\" href=\"https:\/\/drive.google.com\/file\/d\/1n5QZPw0Ofabe6GbvH3F4FQrGkHArLgQ7\/view?usp=sharing\" target=\"_blank\">FOBA 2 [POI]<\/a>   &#8211;  <a rel=\"noreferrer noopener\" href=\"https:\/\/drive.google.com\/file\/d\/1h1g9oWezZD0PQ0fz-dDaNA8u0eIv2-iP\/view?usp=sharing\" target=\"_blank\">FOBA 3 [POI]<\/a><\/p>\n\n\n\n<p class=\"has-text-align-center\">****<\/p>\n\n\n\n<p class=\"has-text-align-center\">Profesorado con Orientaci\u00f3n en Educaci\u00f3n Musical<\/p>\n\n\n\n<p class=\"has-text-align-center\"><a href=\"https:\/\/drive.google.com\/file\/d\/12veK_7R4G_nPPnxl7MP1_Zzv4e1zLbrf\/view?usp=sharing\" target=\"_blank\" rel=\"noreferrer noopener\">PEM 1<\/a> &#8211; <a href=\"https:\/\/drive.google.com\/file\/d\/1V115KpRmbmZyimX5N9DuxDIdTm7RJrrJ\/view?usp=sharing\" target=\"_blank\" rel=\"noreferrer noopener\">PEM 2<\/a> &#8211;<a href=\"https:\/\/drive.google.com\/file\/d\/1iySkh1fCjK-Js6WIYj28Ef9IcwoGOPdC\/view?usp=sharing\" target=\"_blank\" rel=\"noreferrer noopener\">PEM 3<\/a> &#8211; <a href=\"https:\/\/drive.google.com\/file\/d\/1Keg0zyOLTXCF9jsdDjQrdDfS9ajxOEGs\/view?usp=sharing\" target=\"_blank\" rel=\"noreferrer noopener\">PEM 4 <\/a><\/p>\n\n\n\n<p class=\"has-text-align-center\">****<\/p>\n\n\n\n<p class=\"has-text-align-center\">Profesorado con Orientaci\u00f3n en Instrumento<\/p>\n\n\n\n<p class=\"has-text-align-center\"> <a rel=\"noreferrer noopener\" href=\"https:\/\/drive.google.com\/file\/d\/1RDxtHUsv4utHBRKVF5glrcd0lIC3cH3S\/view?usp=sharing\" target=\"_blank\">POI 1<\/a> &#8211;  <a rel=\"noreferrer noopener\" href=\"https:\/\/drive.google.com\/file\/d\/1L74SeFHAayqMoljRDrANmBbYj9Q8E58t\/view?usp=sharing\" target=\"_blank\">POI 2<\/a> &#8211;  <a rel=\"noreferrer noopener\" href=\"https:\/\/drive.google.com\/file\/d\/13pBJgLBjU1oyaF5ILWJpQQK0OnBDXZuR\/view?usp=sharing\" target=\"_blank\">POI 3<\/a> &#8211; <a rel=\"noreferrer noopener\" href=\"https:\/\/drive.google.com\/file\/d\/1OY-kUhLc6MdmG653rW7YfL5HcKFjSnsN\/view?usp=sharing\" target=\"_blank\">POI 4<\/a><\/p>\n\n\n\n<p class=\"has-text-align-center\">****<\/p>\n\n\n\n<p class=\"has-text-align-center\">Tecnicatura en Capacitaci\u00f3n Vocal M\u00fasical Popular Orientaci\u00f3n Folclore<\/p>\n\n\n\n<p class=\"has-text-align-center\"><a rel=\"noreferrer noopener\" href=\"https:\/\/drive.google.com\/file\/d\/1oWG0qZ7h8yhFRXPwO-PjVpOMpsFpZZwy\/view?usp=sharing\" target=\"_blank\">TEC. CANTO 1<\/a> &#8211; <a rel=\"noreferrer noopener\" href=\"https:\/\/drive.google.com\/file\/d\/1enJChpyVLaPuamK75kXrBN2Ls7dDhP3O\/view?usp=sharing\" target=\"_blank\">TEC. CANTO 2<\/a> &#8211; <a rel=\"noreferrer noopener\" href=\"https:\/\/drive.google.com\/file\/d\/1M7eyY6Iv1K-edN9iVsCZczVt4AD1S3vj\/view?usp=sharing\" target=\"_blank\">TEC. CANTO 3<\/a> &#8211; <a rel=\"noreferrer noopener\" href=\"https:\/\/drive.google.com\/file\/d\/1KK_lf2Bpc6Af5DIhxfaKORNIhTWm-0QX\/view?usp=sharing\" target=\"_blank\">TEC. CANTO 4<\/a><\/p>\n\n\n\n<p><\/p>\n\n\n\n\n<h2 style=\"text-align: center;\">&nbsp;<\/h2>\n<h2 style=\"text-align: center;\">&nbsp;<\/h2>\n<h5 style=\"text-align: center;\"><span style=\"color: #ff6600;\">&nbsp;<\/span><\/h5>","protected":false},"excerpt":{"rendered":"<p>INICIACIONES 1 y 2 INICIACION 3 **** CICLO MEDIO 1 | CICLO MEDIO 2 | CICLO MEDIO 3 **** FOBA 1 [PEM] **** FOBA 1 [CANTO] &#8211; FOBA 2 [CANTO] **** FOBA 1 [POI] &#8211; FOBA 2 [POI] &#8211; FOBA 3 [POI] **** Profesorado con Orientaci\u00f3n en Educaci\u00f3n Musical PEM 1 &#8211; PEM 2 &#8211;PEM &#8230; <a title=\"HORARIOS  2026\" class=\"read-more\" href=\"https:\/\/cml-bue.infd.edu.ar\/sitio\/oferta-educativa-2020\/\" aria-label=\"More on HORARIOS  2026\">[+]<\/a><\/p>\n","protected":false},"author":322,"featured_media":0,"parent":0,"menu_order":0,"comment_status":"closed","ping_status":"closed","template":"","meta":[],"acf":[],"_links":{"self":[{"href":"https:\/\/cml-bue.infd.edu.ar\/sitio\/wp-json\/wp\/v2\/pages\/750"}],"collection":[{"href":"https:\/\/cml-bue.infd.edu.ar\/sitio\/wp-json\/wp\/v2\/pages"}],"about":[{"href":"https:\/\/cml-bue.infd.edu.ar\/sitio\/wp-json\/wp\/v2\/types\/page"}],"author":[{"embeddable":true,"href":"https:\/\/cml-bue.infd.edu.ar\/sitio\/wp-json\/wp\/v2\/users\/322"}],"replies":[{"embeddable":true,"href":"https:\/\/cml-bue.infd.edu.ar\/sitio\/wp-json\/wp\/v2\/comments?post=750"}],"version-history":[{"count":57,"href":"https:\/\/cml-bue.infd.edu.ar\/sitio\/wp-json\/wp\/v2\/pages\/750\/revisions"}],"predecessor-version":[{"id":3455,"href":"https:\/\/cml-bue.infd.edu.ar\/sitio\/wp-json\/wp\/v2\/pages\/750\/revisions\/3455"}],"wp:attachment":[{"href":"https:\/\/cml-bue.infd.edu.ar\/sitio\/wp-json\/wp\/v2\/media?parent=750"}],"curies":[{"name":"wp","href":"https:\/\/api.w.org\/{rel}","templated":true}]}}